{"id":5812,"date":"2025-07-13T11:40:53","date_gmt":"2025-07-13T11:40:53","guid":{"rendered":"https:\/\/waterlifegroup.com\/?post_type=product&#038;p=5812"},"modified":"2025-07-13T11:42:34","modified_gmt":"2025-07-13T11:42:34","slug":"huile-camphree","status":"publish","type":"product","link":"https:\/\/waterlifegroup.com\/en\/product\/huile-camphree\/","title":{"rendered":"Huile Camphr\u00e9e"},"content":{"rendered":"<p>indications : Douleurs musculaires, douleurs articulaires, Contusionns, Entorses, Maux de t\u00eate. Contre les probl\u00e8mes respiratoires gr\u00e2ce aux propri\u00e9t\u00e9s d\u00e9congestionnantes du Camphre, cette huile peut \u00eatre utilis\u00e9e pour d\u00e9gager les voies respiratoirs en cas de bronchite; Grippe; Rhume; Toux grasse.<\/p>\n<p>Posologie :<br \/>\nPour soulager des douleurs : appliquer par friction sur les zones douloureuses.<br \/>\nPour soulager la fatigue : le long de la colonne vert\u00e9brale ou sur les zones fatigu\u00e9es.<br \/>\nPour les troubles respiratoires : Masser le thorax et le dos.<\/p>\n<p>Composition :<br \/>\nAdansonia digitata, kola nitida, yohimbe, garcinia kola,Piptadeniastrum africanum<\/p>","protected":false},"excerpt":{"rendered":"<p>Indications : Douleurs musculaires, douleurs articulaires, Contusionns, Entorses, Maux de t\u00eate. Contre les probl\u00e8mes respiratoires gr\u00e2ce aux propri\u00e9t\u00e9s d\u00e9congestionnantes du Camphre, cette huile peut \u00eatre utilis\u00e9e pour d\u00e9gager les voies respiratoirs en cas de bronchite; Grippe; Rhume; Toux grasse.<\/p>\n<p>Posologie :<br \/>\nPour soulager des douleurs : appliquer par friction sur les zones douloureuses.<br \/>\nPour soulager la fatigue : le long de la colonne vert\u00e9brale ou sur les zones fatigu\u00e9es.<br \/>\nPour les troubles respiratoires : Masser le thorax et le dos.<\/p>\n<p>Composition :<br \/>\nAdansonia digitata, kola nitida, yohimbe, garcinia kola,Piptadeniastrum africanum<\/p>","protected":false},"featured_media":0,"comment_status":"open","ping_status":"closed","template":"","meta":{"site-sidebar-layout":"default","site-content-layout":"","ast-site-content-layout":"default","site-content-style":"default","site-sidebar-style":"default","ast-global-header-display":"","ast-banner-title-visibility":"","ast-main-header-display":"","ast-hfb-above-header-display":"","ast-hfb-below-header-display":"","ast-hfb-mobile-header-display":"","site-post-title":"","ast-breadcrumbs-content":"","ast-featured-img":"","footer-sml-layout":"","theme-transparent-header-meta":"default","adv-header-id-meta":"","stick-header-meta":"","header-above-stick-meta":"","header-main-stick-meta":"","header-below-stick-meta":"","astra-migrate-meta-layouts":"set","ast-page-background-enabled":"default","ast-page-background-meta":{"desktop":{"background-color":"","background-image":"","background-repeat":"repeat","background-position":"center center","background-size":"auto","background-attachment":"scroll","background-type":"","background-media":"","overlay-type":"","overlay-color":"","overlay-opacity":"","overlay-gradient":""},"tablet":{"background-color":"","background-image":"","background-repeat":"repeat","background-position":"center center","background-size":"auto","background-attachment":"scroll","background-type":"","background-media":"","overlay-type":"","overlay-color":"","overlay-opacity":"","overlay-gradient":""},"mobile":{"background-color":"","background-image":"","background-repeat":"repeat","background-position":"center center","background-size":"auto","background-attachment":"scroll","background-type":"","background-media":"","overlay-type":"","overlay-color":"","overlay-opacity":"","overlay-gradient":""}},"ast-content-background-meta":{"desktop":{"background-color":"var(--ast-global-color-5)","background-image":"","background-repeat":"repeat","background-position":"center center","background-size":"auto","background-attachment":"scroll","background-type":"","background-media":"","overlay-type":"","overlay-color":"","overlay-opacity":"","overlay-gradient":""},"tablet":{"background-color":"var(--ast-global-color-5)","background-image":"","background-repeat":"repeat","background-position":"center center","background-size":"auto","background-attachment":"scroll","background-type":"","background-media":"","overlay-type":"","overlay-color":"","overlay-opacity":"","overlay-gradient":""},"mobile":{"background-color":"var(--ast-global-color-5)","background-image":"","background-repeat":"repeat","background-position":"center center","background-size":"auto","background-attachment":"scroll","background-type":"","background-media":"","overlay-type":"","overlay-color":"","overlay-opacity":"","overlay-gradient":""}}},"product_brand":[],"product_cat":[15],"product_tag":[],"class_list":{"0":"post-5812","1":"product","2":"type-product","3":"status-publish","5":"product_cat-uncategorized","6":"desktop-align-center","7":"tablet-align-center","8":"mobile-align-center","10":"first","11":"instock","12":"shipping-taxable","13":"purchasable","14":"product-type-simple"},"jetpack_sharing_enabled":true,"_links":{"self":[{"href":"https:\/\/waterlifegroup.com\/en\/wp-json\/wp\/v2\/product\/5812","targetHints":{"allow":["GET"]}}],"collection":[{"href":"https:\/\/waterlifegroup.com\/en\/wp-json\/wp\/v2\/product"}],"about":[{"href":"https:\/\/waterlifegroup.com\/en\/wp-json\/wp\/v2\/types\/product"}],"replies":[{"embeddable":true,"href":"https:\/\/waterlifegroup.com\/en\/wp-json\/wp\/v2\/comments?post=5812"}],"wp:attachment":[{"href":"https:\/\/waterlifegroup.com\/en\/wp-json\/wp\/v2\/media?parent=5812"}],"wp:term":[{"taxonomy":"product_brand","embeddable":true,"href":"https:\/\/waterlifegroup.com\/en\/wp-json\/wp\/v2\/product_brand?post=5812"},{"taxonomy":"product_cat","embeddable":true,"href":"https:\/\/waterlifegroup.com\/en\/wp-json\/wp\/v2\/product_cat?post=5812"},{"taxonomy":"product_tag","embeddable":true,"href":"https:\/\/waterlifegroup.com\/en\/wp-json\/wp\/v2\/product_tag?post=5812"}],"curies":[{"name":"wp","href":"https:\/\/api.w.org\/{rel}","templated":true}]}}