{"id":5540,"date":"2025-04-10T05:22:14","date_gmt":"2025-04-10T05:22:14","guid":{"rendered":"https:\/\/waterlifegroup.com\/v2\/?post_type=product&#038;p=5540"},"modified":"2026-04-09T18:57:16","modified_gmt":"2026-04-09T18:57:16","slug":"waterlife-spirulina-bio","status":"publish","type":"product","link":"https:\/\/waterlifegroup.com\/en\/product\/waterlife-spirulina-bio\/","title":{"rendered":"Waterlife Spirulina Bio"},"content":{"rendered":"<p>Booste le syst\u00e8me immunitaire et la vitalit\u00e9  <\/p>\n<p>Am\u00e9liore l\u2019endurance et la r\u00e9sistance<\/p>\n<p>Aide \u00e0 garder ou \u00e0 retrouver la forme  <\/p>\n<p>Entretien le tonus et l\u2019\u00e9nergie<\/p>\n<p>Riche en fer,acides amin\u00e9s, b\u00eata-carot\u00e8ne et antioxydants.<\/p>\n<p>Aide au contr\u00f4le du poids et \u00e0 un niveau normal de sucre dans le sang<\/p>\n<p>Renforce les d\u00e9fenses naturelles et lutte contre la fatigue<\/p>\n<p>Favorise la r\u00e9sistance de l\u2019organisme<\/p>\n<p>Source naturelle d\u2019antioxydants pour lutter contre le stress oxydatif<\/p>\n<p>Aide \u00e0 lutter contre les inflammations<\/p>\n<p>Posologie : 2 g\u00e9lules matin et soir avec un grand verre d&rsquo;eau.<br \/>\nComposition :<br \/>\n100% spiruline Bio<br \/>\nG\u00e9lules v\u00e9g\u00e9tales<\/p>","protected":false},"excerpt":{"rendered":"<p>Booste le syst\u00e8me immunitaire et la vitalit\u00e9  <\/p>\n<p>Am\u00e9liore l\u2019endurance et la r\u00e9sistance<\/p>\n<p>Aide \u00e0 garder ou \u00e0 retrouver la forme  <\/p>\n<p>Entretien le tonus et l\u2019\u00e9nergie<\/p>\n<p>Riche en fer,acides amin\u00e9s, b\u00eata-carot\u00e8ne et antioxydants.<\/p>\n<p>Aide au contr\u00f4le du poids et \u00e0 un niveau normal de sucre dans le sang<\/p>\n<p>Renforce les d\u00e9fenses naturelles et lutte contre la fatigue<\/p>\n<p>Favorise la r\u00e9sistance de l\u2019organisme<\/p>\n<p>Source naturelle d\u2019antioxydants pour lutter contre le stress oxydatif<\/p>\n<p>Aide \u00e0 lutter contre les inflammations<\/p>\n<p>Posologie : 2 g\u00e9lules matin et soir avec un grand verre d&rsquo;eau.<br \/>\nComposition :<br \/>\n100% spiruline Bio<br \/>\nG\u00e9lules v\u00e9g\u00e9tales<\/p>","protected":false},"featured_media":5557,"comment_status":"open","ping_status":"closed","template":"","meta":{"site-sidebar-layout":"default","site-content-layout":"","ast-site-content-layout":"","site-content-style":"default","site-sidebar-style":"default","ast-global-header-display":"","ast-banner-title-visibility":"","ast-main-header-display":"","ast-hfb-above-header-display":"","ast-hfb-below-header-display":"","ast-hfb-mobile-header-display":"","site-post-title":"","ast-breadcrumbs-content":"","ast-featured-img":"","footer-sml-layout":"","theme-transparent-header-meta":"","adv-header-id-meta":"","stick-header-meta":"","header-above-stick-meta":"","header-main-stick-meta":"","header-below-stick-meta":"","astra-migrate-meta-layouts":"default","ast-page-background-enabled":"default","ast-page-background-meta":{"desktop":{"background-color":"","background-image":"","background-repeat":"repeat","background-position":"center center","background-size":"auto","background-attachment":"scroll","background-type":"","background-media":"","overlay-type":"","overlay-color":"","overlay-opacity":"","overlay-gradient":""},"tablet":{"background-color":"","background-image":"","background-repeat":"repeat","background-position":"center center","background-size":"auto","background-attachment":"scroll","background-type":"","background-media":"","overlay-type":"","overlay-color":"","overlay-opacity":"","overlay-gradient":""},"mobile":{"background-color":"","background-image":"","background-repeat":"repeat","background-position":"center center","background-size":"auto","background-attachment":"scroll","background-type":"","background-media":"","overlay-type":"","overlay-color":"","overlay-opacity":"","overlay-gradient":""}},"ast-content-background-meta":{"desktop":{"background-color":"var(--ast-global-color-5)","background-image":"","background-repeat":"repeat","background-position":"center center","background-size":"auto","background-attachment":"scroll","background-type":"","background-media":"","overlay-type":"","overlay-color":"","overlay-opacity":"","overlay-gradient":""},"tablet":{"background-color":"var(--ast-global-color-5)","background-image":"","background-repeat":"repeat","background-position":"center center","background-size":"auto","background-attachment":"scroll","background-type":"","background-media":"","overlay-type":"","overlay-color":"","overlay-opacity":"","overlay-gradient":""},"mobile":{"background-color":"var(--ast-global-color-5)","background-image":"","background-repeat":"repeat","background-position":"center center","background-size":"auto","background-attachment":"scroll","background-type":"","background-media":"","overlay-type":"","overlay-color":"","overlay-opacity":"","overlay-gradient":""}}},"product_brand":[],"product_cat":[31],"product_tag":[],"class_list":{"0":"post-5540","1":"product","2":"type-product","3":"status-publish","4":"has-post-thumbnail","6":"product_cat-gelules","7":"desktop-align-center","8":"tablet-align-center","9":"mobile-align-center","11":"first","12":"instock","13":"shipping-taxable","14":"purchasable","15":"product-type-simple"},"jetpack_sharing_enabled":true,"_links":{"self":[{"href":"https:\/\/waterlifegroup.com\/en\/wp-json\/wp\/v2\/product\/5540","targetHints":{"allow":["GET"]}}],"collection":[{"href":"https:\/\/waterlifegroup.com\/en\/wp-json\/wp\/v2\/product"}],"about":[{"href":"https:\/\/waterlifegroup.com\/en\/wp-json\/wp\/v2\/types\/product"}],"replies":[{"embeddable":true,"href":"https:\/\/waterlifegroup.com\/en\/wp-json\/wp\/v2\/comments?post=5540"}],"wp:featuredmedia":[{"embeddable":true,"href":"https:\/\/waterlifegroup.com\/en\/wp-json\/wp\/v2\/media\/5557"}],"wp:attachment":[{"href":"https:\/\/waterlifegroup.com\/en\/wp-json\/wp\/v2\/media?parent=5540"}],"wp:term":[{"taxonomy":"product_brand","embeddable":true,"href":"https:\/\/waterlifegroup.com\/en\/wp-json\/wp\/v2\/product_brand?post=5540"},{"taxonomy":"product_cat","embeddable":true,"href":"https:\/\/waterlifegroup.com\/en\/wp-json\/wp\/v2\/product_cat?post=5540"},{"taxonomy":"product_tag","embeddable":true,"href":"https:\/\/waterlifegroup.com\/en\/wp-json\/wp\/v2\/product_tag?post=5540"}],"curies":[{"name":"wp","href":"https:\/\/api.w.org\/{rel}","templated":true}]}}