{"id":5539,"date":"2025-04-10T05:22:14","date_gmt":"2025-04-10T05:22:14","guid":{"rendered":"https:\/\/waterlifegroup.com\/v2\/?post_type=product&#038;p=5539"},"modified":"2026-04-27T14:21:50","modified_gmt":"2026-04-27T14:21:50","slug":"waterlife-prunus-africana","status":"publish","type":"product","link":"https:\/\/waterlifegroup.com\/en\/product\/waterlife-prunus-africana\/","title":{"rendered":"Waterlife Prunus Africana"},"content":{"rendered":"<p>Le pygeum est une plante que l\u2019on indique en phytoth\u00e9rapie dans le cadre dhe la pollakiurie nocturne. Son extrait s\u2019utilise aussi dans le cadre de l\u2019ad\u00e9nome de la prostate, et de l\u2019hypertrophie b\u00e9nigne de la prostate. Depuis la nuit des temps, les peuples africains utilisent le pygeum pour traiter les probl\u00e8mes urinaires. C\u2019est l\u2019une des indications les plus courantes de cette plante.<\/p>\n<p>Posologie : 2 g\u00e9lules matin et soir avec un grand verre d&rsquo;eau.<br \/>\nNB: La cure recommand\u00e9e est de 6 \u00e0 8 semaines.  Toujours marquer un temps d&rsquo;au moins 21j entre 2 cures.<br \/>\nComposition : Prunus africana ( poudre d&rsquo;\u00e9corces)<br \/>\nG\u00e9lules v\u00e9g\u00e9tales<\/p>","protected":false},"excerpt":{"rendered":"<p>Le pygeum est une plante que l\u2019on indique en phytoth\u00e9rapie dans le cadre dhe la pollakiurie nocturne. Son extrait s\u2019utilise aussi dans le cadre de l\u2019ad\u00e9nome de la prostate, et de l\u2019hypertrophie b\u00e9nigne de la prostate. Depuis la nuit des temps, les peuples africains utilisent le pygeum pour traiter les probl\u00e8mes urinaires. C\u2019est l\u2019une des indications les plus courantes de cette plante.<\/p>\n<p>Posologie : 2 g\u00e9lules matin et soir avec un grand verre d&rsquo;eau.<br \/>\nNB: La cure recommand\u00e9e est de 6 \u00e0 8 semaines.  Toujours marquer un temps d&rsquo;au moins 21j entre 2 cures.<br \/>\nComposition : Prunus africana ( poudre d&rsquo;\u00e9corces)<br \/>\nG\u00e9lules v\u00e9g\u00e9tales<\/p>","protected":false},"featured_media":5556,"comment_status":"open","ping_status":"closed","template":"","meta":{"site-sidebar-layout":"default","site-content-layout":"","ast-site-content-layout":"","site-content-style":"default","site-sidebar-style":"default","ast-global-header-display":"","ast-banner-title-visibility":"","ast-main-header-display":"","ast-hfb-above-header-display":"","ast-hfb-below-header-display":"","ast-hfb-mobile-header-display":"","site-post-title":"","ast-breadcrumbs-content":"","ast-featured-img":"","footer-sml-layout":"","theme-transparent-header-meta":"","adv-header-id-meta":"","stick-header-meta":"","header-above-stick-meta":"","header-main-stick-meta":"","header-below-stick-meta":"","astra-migrate-meta-layouts":"default","ast-page-background-enabled":"default","ast-page-background-meta":{"desktop":{"background-color":"","background-image":"","background-repeat":"repeat","background-position":"center center","background-size":"auto","background-attachment":"scroll","background-type":"","background-media":"","overlay-type":"","overlay-color":"","overlay-opacity":"","overlay-gradient":""},"tablet":{"background-color":"","background-image":"","background-repeat":"repeat","background-position":"center center","background-size":"auto","background-attachment":"scroll","background-type":"","background-media":"","overlay-type":"","overlay-color":"","overlay-opacity":"","overlay-gradient":""},"mobile":{"background-color":"","background-image":"","background-repeat":"repeat","background-position":"center center","background-size":"auto","background-attachment":"scroll","background-type":"","background-media":"","overlay-type":"","overlay-color":"","overlay-opacity":"","overlay-gradient":""}},"ast-content-background-meta":{"desktop":{"background-color":"var(--ast-global-color-5)","background-image":"","background-repeat":"repeat","background-position":"center center","background-size":"auto","background-attachment":"scroll","background-type":"","background-media":"","overlay-type":"","overlay-color":"","overlay-opacity":"","overlay-gradient":""},"tablet":{"background-color":"var(--ast-global-color-5)","background-image":"","background-repeat":"repeat","background-position":"center center","background-size":"auto","background-attachment":"scroll","background-type":"","background-media":"","overlay-type":"","overlay-color":"","overlay-opacity":"","overlay-gradient":""},"mobile":{"background-color":"var(--ast-global-color-5)","background-image":"","background-repeat":"repeat","background-position":"center center","background-size":"auto","background-attachment":"scroll","background-type":"","background-media":"","overlay-type":"","overlay-color":"","overlay-opacity":"","overlay-gradient":""}}},"product_brand":[],"product_cat":[31],"product_tag":[],"class_list":{"0":"post-5539","1":"product","2":"type-product","3":"status-publish","4":"has-post-thumbnail","6":"product_cat-gelules","7":"desktop-align-center","8":"tablet-align-center","9":"mobile-align-center","11":"first","12":"instock","13":"shipping-taxable","14":"purchasable","15":"product-type-simple"},"jetpack_sharing_enabled":true,"_links":{"self":[{"href":"https:\/\/waterlifegroup.com\/en\/wp-json\/wp\/v2\/product\/5539","targetHints":{"allow":["GET"]}}],"collection":[{"href":"https:\/\/waterlifegroup.com\/en\/wp-json\/wp\/v2\/product"}],"about":[{"href":"https:\/\/waterlifegroup.com\/en\/wp-json\/wp\/v2\/types\/product"}],"replies":[{"embeddable":true,"href":"https:\/\/waterlifegroup.com\/en\/wp-json\/wp\/v2\/comments?post=5539"}],"wp:featuredmedia":[{"embeddable":true,"href":"https:\/\/waterlifegroup.com\/en\/wp-json\/wp\/v2\/media\/5556"}],"wp:attachment":[{"href":"https:\/\/waterlifegroup.com\/en\/wp-json\/wp\/v2\/media?parent=5539"}],"wp:term":[{"taxonomy":"product_brand","embeddable":true,"href":"https:\/\/waterlifegroup.com\/en\/wp-json\/wp\/v2\/product_brand?post=5539"},{"taxonomy":"product_cat","embeddable":true,"href":"https:\/\/waterlifegroup.com\/en\/wp-json\/wp\/v2\/product_cat?post=5539"},{"taxonomy":"product_tag","embeddable":true,"href":"https:\/\/waterlifegroup.com\/en\/wp-json\/wp\/v2\/product_tag?post=5539"}],"curies":[{"name":"wp","href":"https:\/\/api.w.org\/{rel}","templated":true}]}}